{"id":644,"date":"2023-12-06T10:11:52","date_gmt":"2023-12-06T09:11:52","guid":{"rendered":"https:\/\/www.valheureux.org\/?page_id=644"},"modified":"2023-12-06T10:12:01","modified_gmt":"2023-12-06T09:12:01","slug":"revue-de-presse","status":"publish","type":"page","link":"https:\/\/www.valheureux.org\/index.php\/revue-de-presse\/","title":{"rendered":"Revue de presse"},"content":{"rendered":"\t\t<div data-elementor-type=\"wp-page\" data-elementor-id=\"644\" class=\"elementor elementor-644\">\n\t\t\t\t\t\t<section class=\"elementor-section elementor-top-section elementor-element elementor-element-22cb65b elementor-section-boxed elementor-section-height-default elementor-section-height-default\" data-id=\"22cb65b\" data-element_type=\"section\" data-e-type=\"section\">\n\t\t\t\t\t\t<div class=\"elementor-container elementor-column-gap-default\">\n\t\t\t\t\t<div class=\"elementor-column elementor-col-100 elementor-top-column elementor-element elementor-element-2121751\" data-id=\"2121751\" data-element_type=\"column\" data-e-type=\"column\">\n\t\t\t<div class=\"elementor-widget-wrap elementor-element-populated\">\n\t\t\t\t\t\t<div class=\"elementor-element elementor-element-b490db3 mgl-img-left elementor-widget elementor-widget-mgposts_list\" data-id=\"b490db3\" data-element_type=\"widget\" data-e-type=\"widget\" data-widget_type=\"mgposts_list.default\">\n\t\t\t\t<div class=\"elementor-widget-container\">\n\t\t\t\t\t            <div id=\"mglp-items\" class=\"mgpd mp-display-list mgpdl style1\">\r\n                <div class=\"mgpdl-items\">\r\n                                            <div class=\"mgpdl-item mgpd-list mgp-mb-4 \">\r\n                            <div class=\"mgp-card mgpdl-card \">\r\n                                                                <div class=\"mgp-card-body mgpdl-text\">\r\n                                                <div class=\"mppost-cats mpcat-one mp-post-cat\">\r\n\r\n                <i class=\"icon-mp-folder-oe\"><\/i> <a href=\"https:\/\/www.valheureux.org\/index.php\/category\/revue-de-presse\/\">Revue de presse<\/a>            <\/div>\r\n                    <a class=\"mpp-title-link mp-post-title\" href=\"https:\/\/www.valheureux.org\/index.php\/2024\/01\/22\/le-progres-du-18-juin-2018\/\">\r\n                <h4 class=\"mgp-ptitle\">Le Progr\u00e8s du 18 juin\u2026<\/h4>            <\/a>\r\n                <div class=\"mp-meta bottom-meta mgp-mb-2\">\r\n            <span class=\"byline\"> <i class=\"icon-mp-user-c\"><\/i> <span class=\"author vcard\"><a class=\"url fn n\" href=\"https:\/\/www.valheureux.org\/index.php\/author\/valheureux\/\">Val Heureux<\/a><\/span><\/span><span class=\"mp-posts-date\"><i class=\"icon-mp-clock\"><\/i> 22 janvier 2024<\/span>        <\/div>\r\n    \r\n                                                                            <p>\r\n                                            Liaison A89-Amplepuis R\u00e9gion et COR passent \u00e0 la vitesse sup\u00e9rieure mais le D\u00e9partement du Rh\u00f4ne freine les ardeurs Cr\u00e9er une...<\/p>\r\n                                                                        \r\n                    <a href=\"https:\/\/www.valheureux.org\/index.php\/2024\/01\/22\/le-progres-du-18-juin-2018\/\" target=\"_self\" class=\"mp-post-btn link1\">Read More<\/a>\r\n        \r\n\r\n    \r\n                                <\/div>\r\n                            <\/div>\r\n                        <\/div>\r\n                                            <div class=\"mgpdl-item mgpd-list mgp-mb-4 \">\r\n                            <div class=\"mgp-card mgpdl-card \">\r\n                                                                <div class=\"mgp-card-body mgpdl-text\">\r\n                                                <div class=\"mppost-cats mpcat-one mp-post-cat\">\r\n\r\n                <i class=\"icon-mp-folder-oe\"><\/i> <a href=\"https:\/\/www.valheureux.org\/index.php\/category\/revue-de-presse\/\">Revue de presse<\/a>            <\/div>\r\n                    <a class=\"mpp-title-link mp-post-title\" href=\"https:\/\/www.valheureux.org\/index.php\/2023\/12\/06\/article-du-progres\/\">\r\n                <h4 class=\"mgp-ptitle\">Article du Progres<\/h4>            <\/a>\r\n                <div class=\"mp-meta bottom-meta mgp-mb-2\">\r\n            <span class=\"byline\"> <i class=\"icon-mp-user-c\"><\/i> <span class=\"author vcard\"><a class=\"url fn n\" href=\"https:\/\/www.valheureux.org\/index.php\/author\/admin6770\/\">admin6770<\/a><\/span><\/span><span class=\"mp-posts-date\"><i class=\"icon-mp-clock\"><\/i> 6 d\u00e9cembre 2023<\/span>        <\/div>\r\n    \r\n                                                                            <p>\r\n                                            <\/p>\r\n                                                                        \r\n                    <a href=\"https:\/\/www.valheureux.org\/index.php\/2023\/12\/06\/article-du-progres\/\" target=\"_self\" class=\"mp-post-btn link1\">Read More<\/a>\r\n        \r\n\r\n    \r\n                                <\/div>\r\n                            <\/div>\r\n                        <\/div>\r\n                                    <\/div>\r\n            <\/div>\r\n\r\n            \t\t\t\t<\/div>\n\t\t\t\t<\/div>\n\t\t\t\t\t<\/div>\n\t\t<\/div>\n\t\t\t\t\t<\/div>\n\t\t<\/section>\n\t\t\t\t<\/div>\n\t\t","protected":false},"excerpt":{"rendered":"<div class=\"mh-excerpt\"><p>Revue de presse Article du Progres admin6770 6 d\u00e9cembre 2023 Read More<\/p>\n<\/div>","protected":false},"author":1,"featured_media":0,"parent":0,"menu_order":0,"comment_status":"closed","ping_status":"closed","template":"","meta":{"_EventAllDay":false,"_EventTimezone":"","_EventStartDate":"","_EventEndDate":"","_EventStartDateUTC":"","_EventEndDateUTC":"","_EventShowMap":false,"_EventShowMapLink":false,"_EventURL":"","_EventCost":"","_EventCostDescription":"","_EventCurrencySymbol":"","_EventCurrencyCode":"","_EventCurrencyPosition":"","_EventDateTimeSeparator":"","_EventTimeRangeSeparator":"","_EventOrganizerID":[],"_EventVenueID":[],"_OrganizerEmail":"","_OrganizerPhone":"","_OrganizerWebsite":"","_VenueAddress":"","_VenueCity":"","_VenueCountry":"","_VenueProvince":"","_VenueState":"","_VenueZip":"","_VenuePhone":"","_VenueURL":"","_VenueStateProvince":"","_VenueLat":"","_VenueLng":"","_VenueShowMap":false,"_VenueShowMapLink":false,"footnotes":""},"class_list":["post-644","page","type-page","status-publish","hentry"],"yoast_head":"<!-- This site is optimized with the Yoast SEO plugin v27.5 - https:\/\/yoast.com\/product\/yoast-seo-wordpress\/ -->\n<title>Revue de presse - Val&#039;Heureux<\/title>\n<meta name=\"robots\" content=\"index, follow, max-snippet:-1, max-image-preview:large, max-video-preview:-1\" \/>\n<link rel=\"canonical\" href=\"https:\/\/www.valheureux.org\/index.php\/revue-de-presse\/\" \/>\n<meta property=\"og:locale\" content=\"fr_FR\" \/>\n<meta property=\"og:type\" content=\"article\" \/>\n<meta property=\"og:title\" content=\"Revue de presse - Val&#039;Heureux\" \/>\n<meta property=\"og:description\" content=\"Revue de presse Article du Progres admin6770 6 d\u00e9cembre 2023 Read More\" \/>\n<meta property=\"og:url\" content=\"https:\/\/www.valheureux.org\/index.php\/revue-de-presse\/\" \/>\n<meta property=\"og:site_name\" content=\"Val&#039;Heureux\" \/>\n<meta property=\"article:modified_time\" content=\"2023-12-06T09:12:01+00:00\" \/>\n<meta name=\"twitter:card\" content=\"summary_large_image\" \/>\n<script type=\"application\/ld+json\" class=\"yoast-schema-graph\">{\"@context\":\"https:\\\/\\\/schema.org\",\"@graph\":[{\"@type\":\"WebPage\",\"@id\":\"https:\\\/\\\/www.valheureux.org\\\/index.php\\\/revue-de-presse\\\/\",\"url\":\"https:\\\/\\\/www.valheureux.org\\\/index.php\\\/revue-de-presse\\\/\",\"name\":\"Revue de presse - Val&#039;Heureux\",\"isPartOf\":{\"@id\":\"https:\\\/\\\/www.valheureux.org\\\/#website\"},\"datePublished\":\"2023-12-06T09:11:52+00:00\",\"dateModified\":\"2023-12-06T09:12:01+00:00\",\"breadcrumb\":{\"@id\":\"https:\\\/\\\/www.valheureux.org\\\/index.php\\\/revue-de-presse\\\/#breadcrumb\"},\"inLanguage\":\"fr-FR\",\"potentialAction\":[{\"@type\":\"ReadAction\",\"target\":[\"https:\\\/\\\/www.valheureux.org\\\/index.php\\\/revue-de-presse\\\/\"]}]},{\"@type\":\"BreadcrumbList\",\"@id\":\"https:\\\/\\\/www.valheureux.org\\\/index.php\\\/revue-de-presse\\\/#breadcrumb\",\"itemListElement\":[{\"@type\":\"ListItem\",\"position\":1,\"name\":\"Accueil\",\"item\":\"https:\\\/\\\/www.valheureux.org\\\/\"},{\"@type\":\"ListItem\",\"position\":2,\"name\":\"Revue de presse\"}]},{\"@type\":\"WebSite\",\"@id\":\"https:\\\/\\\/www.valheureux.org\\\/#website\",\"url\":\"https:\\\/\\\/www.valheureux.org\\\/\",\"name\":\"Val&#039;Heureux\",\"description\":\"Un Val&#039;Heureux et qui veut le rester !\",\"publisher\":{\"@id\":\"https:\\\/\\\/www.valheureux.org\\\/#organization\"},\"potentialAction\":[{\"@type\":\"SearchAction\",\"target\":{\"@type\":\"EntryPoint\",\"urlTemplate\":\"https:\\\/\\\/www.valheureux.org\\\/?s={search_term_string}\"},\"query-input\":{\"@type\":\"PropertyValueSpecification\",\"valueRequired\":true,\"valueName\":\"search_term_string\"}}],\"inLanguage\":\"fr-FR\"},{\"@type\":\"Organization\",\"@id\":\"https:\\\/\\\/www.valheureux.org\\\/#organization\",\"name\":\"Val&#039;Heureux\",\"url\":\"https:\\\/\\\/www.valheureux.org\\\/\",\"logo\":{\"@type\":\"ImageObject\",\"inLanguage\":\"fr-FR\",\"@id\":\"https:\\\/\\\/www.valheureux.org\\\/#\\\/schema\\\/logo\\\/image\\\/\",\"url\":\"https:\\\/\\\/www.valheureux.org\\\/wp-content\\\/uploads\\\/2023\\\/03\\\/slogan.png\",\"contentUrl\":\"https:\\\/\\\/www.valheureux.org\\\/wp-content\\\/uploads\\\/2023\\\/03\\\/slogan.png\",\"width\":1080,\"height\":100,\"caption\":\"Val&#039;Heureux\"},\"image\":{\"@id\":\"https:\\\/\\\/www.valheureux.org\\\/#\\\/schema\\\/logo\\\/image\\\/\"}}]}<\/script>\n<!-- \/ Yoast SEO plugin. -->","yoast_head_json":{"title":"Revue de presse - Val&#039;Heureux","robots":{"index":"index","follow":"follow","max-snippet":"max-snippet:-1","max-image-preview":"max-image-preview:large","max-video-preview":"max-video-preview:-1"},"canonical":"https:\/\/www.valheureux.org\/index.php\/revue-de-presse\/","og_locale":"fr_FR","og_type":"article","og_title":"Revue de presse - Val&#039;Heureux","og_description":"Revue de presse Article du Progres admin6770 6 d\u00e9cembre 2023 Read More","og_url":"https:\/\/www.valheureux.org\/index.php\/revue-de-presse\/","og_site_name":"Val&#039;Heureux","article_modified_time":"2023-12-06T09:12:01+00:00","twitter_card":"summary_large_image","schema":{"@context":"https:\/\/schema.org","@graph":[{"@type":"WebPage","@id":"https:\/\/www.valheureux.org\/index.php\/revue-de-presse\/","url":"https:\/\/www.valheureux.org\/index.php\/revue-de-presse\/","name":"Revue de presse - Val&#039;Heureux","isPartOf":{"@id":"https:\/\/www.valheureux.org\/#website"},"datePublished":"2023-12-06T09:11:52+00:00","dateModified":"2023-12-06T09:12:01+00:00","breadcrumb":{"@id":"https:\/\/www.valheureux.org\/index.php\/revue-de-presse\/#breadcrumb"},"inLanguage":"fr-FR","potentialAction":[{"@type":"ReadAction","target":["https:\/\/www.valheureux.org\/index.php\/revue-de-presse\/"]}]},{"@type":"BreadcrumbList","@id":"https:\/\/www.valheureux.org\/index.php\/revue-de-presse\/#breadcrumb","itemListElement":[{"@type":"ListItem","position":1,"name":"Accueil","item":"https:\/\/www.valheureux.org\/"},{"@type":"ListItem","position":2,"name":"Revue de presse"}]},{"@type":"WebSite","@id":"https:\/\/www.valheureux.org\/#website","url":"https:\/\/www.valheureux.org\/","name":"Val&#039;Heureux","description":"Un Val&#039;Heureux et qui veut le rester !","publisher":{"@id":"https:\/\/www.valheureux.org\/#organization"},"potentialAction":[{"@type":"SearchAction","target":{"@type":"EntryPoint","urlTemplate":"https:\/\/www.valheureux.org\/?s={search_term_string}"},"query-input":{"@type":"PropertyValueSpecification","valueRequired":true,"valueName":"search_term_string"}}],"inLanguage":"fr-FR"},{"@type":"Organization","@id":"https:\/\/www.valheureux.org\/#organization","name":"Val&#039;Heureux","url":"https:\/\/www.valheureux.org\/","logo":{"@type":"ImageObject","inLanguage":"fr-FR","@id":"https:\/\/www.valheureux.org\/#\/schema\/logo\/image\/","url":"https:\/\/www.valheureux.org\/wp-content\/uploads\/2023\/03\/slogan.png","contentUrl":"https:\/\/www.valheureux.org\/wp-content\/uploads\/2023\/03\/slogan.png","width":1080,"height":100,"caption":"Val&#039;Heureux"},"image":{"@id":"https:\/\/www.valheureux.org\/#\/schema\/logo\/image\/"}}]}},"_links":{"self":[{"href":"https:\/\/www.valheureux.org\/index.php\/wp-json\/wp\/v2\/pages\/644","targetHints":{"allow":["GET"]}}],"collection":[{"href":"https:\/\/www.valheureux.org\/index.php\/wp-json\/wp\/v2\/pages"}],"about":[{"href":"https:\/\/www.valheureux.org\/index.php\/wp-json\/wp\/v2\/types\/page"}],"author":[{"embeddable":true,"href":"https:\/\/www.valheureux.org\/index.php\/wp-json\/wp\/v2\/users\/1"}],"replies":[{"embeddable":true,"href":"https:\/\/www.valheureux.org\/index.php\/wp-json\/wp\/v2\/comments?post=644"}],"version-history":[{"count":8,"href":"https:\/\/www.valheureux.org\/index.php\/wp-json\/wp\/v2\/pages\/644\/revisions"}],"predecessor-version":[{"id":654,"href":"https:\/\/www.valheureux.org\/index.php\/wp-json\/wp\/v2\/pages\/644\/revisions\/654"}],"wp:attachment":[{"href":"https:\/\/www.valheureux.org\/index.php\/wp-json\/wp\/v2\/media?parent=644"}],"curies":[{"name":"wp","href":"https:\/\/api.w.org\/{rel}","templated":true}]}}